{"id":12845,"date":"2023-03-14T10:19:10","date_gmt":"2023-03-14T20:19:10","guid":{"rendered":"https:\/\/www.eaobservatory.org\/jcmt\/?page_id=12845"},"modified":"2023-03-14T10:20:47","modified_gmt":"2023-03-14T20:20:47","slug":"uu-planets","status":"publish","type":"page","link":"https:\/\/www.eaobservatory.org\/jcmt\/instrumentation\/heterodyne\/calibration\/uu-planets\/","title":{"rendered":"`\u016a`\u016b Planets"},"content":{"rendered":"<p>Observations of the planets Mars, Jupiter, and Uranus have been made with `\u016a`\u016b<\/p>\n","protected":false},"excerpt":{"rendered":"<p>Observations of the planets Mars, Jupiter, and Uranus have been made with `\u016a`\u016b <a class=\"continue-reading-link\" href=\"https:\/\/www.eaobservatory.org\/jcmt\/instrumentation\/heterodyne\/calibration\/uu-planets\/\">Continue reading<\/a><\/p>\n","protected":false},"author":87,"featured_media":0,"parent":170,"menu_order":0,"comment_status":"closed","ping_status":"closed","template":"","meta":[],"_links":{"self":[{"href":"https:\/\/www.eaobservatory.org\/jcmt\/wp-json\/wp\/v2\/pages\/12845"}],"collection":[{"href":"https:\/\/www.eaobservatory.org\/jcmt\/wp-json\/wp\/v2\/pages"}],"about":[{"href":"https:\/\/www.eaobservatory.org\/jcmt\/wp-json\/wp\/v2\/types\/page"}],"author":[{"embeddable":true,"href":"https:\/\/www.eaobservatory.org\/jcmt\/wp-json\/wp\/v2\/users\/87"}],"replies":[{"embeddable":true,"href":"https:\/\/www.eaobservatory.org\/jcmt\/wp-json\/wp\/v2\/comments?post=12845"}],"version-history":[{"count":2,"href":"https:\/\/www.eaobservatory.org\/jcmt\/wp-json\/wp\/v2\/pages\/12845\/revisions"}],"predecessor-version":[{"id":12848,"href":"https:\/\/www.eaobservatory.org\/jcmt\/wp-json\/wp\/v2\/pages\/12845\/revisions\/12848"}],"up":[{"embeddable":true,"href":"https:\/\/www.eaobservatory.org\/jcmt\/wp-json\/wp\/v2\/pages\/170"}],"wp:attachment":[{"href":"https:\/\/www.eaobservatory.org\/jcmt\/wp-json\/wp\/v2\/media?parent=12845"}],"curies":[{"name":"wp","href":"https:\/\/api.w.org\/{rel}","templated":true}]}}