{"id":2318,"date":"2015-03-02T15:24:49","date_gmt":"2015-03-03T01:24:49","guid":{"rendered":"http:\/\/www.eaobservatory.org\/jcmt\/?page_id=2318"},"modified":"2025-11-13T09:56:20","modified_gmt":"2025-11-13T19:56:20","slug":"research","status":"publish","type":"page","link":"https:\/\/www.eaobservatory.org\/jcmt\/public\/gallery\/research\/","title":{"rendered":"JCMT in the News"},"content":{"rendered":"<p><a href=\"https:\/\/press.asiaa.sinica.edu.tw\/ASIAA_TAIWAN_News\/251013\">Astronomers Discover Hidden Faint Dust-Obscured Galaxies Magnified by Gravitational Lenses <\/a>(2025-10-13)<\/p>\n<p><a href=\"https:\/\/www.maunakeaobservatories.org\/stories\/surprising-new-images-of-pwehi-black-hole-unveiled\">Surprising New Images of Powehi Black Hole Unveiled <\/a>(2025-09-26)<\/p>\n<p><a href=\"https:\/\/www.eaobservatory.org\/east-asia-observatory\/news\/\">EAO Board of Directors Announces New Governance for EAO and the JCMT<\/a> (2025-03-01)<\/p>\n<p><a href=\"https:\/\/www.westhawaiitoday.com\/2021\/04\/06\/features\/announcements-april-6-2021\/\">Hilo based JCMT astronomer wins prestigious NASA Fellowship <\/a>(2021-04-06)<\/p>\n<p><a href=\"https:\/\/www.hawaiitribune-herald.com\/2021\/02\/20\/hawaii-news\/hilo-astronomer-helps-size-up-the-first-black-hole-ever-detected\/\">Hilo astronomer helps size up the first black hole ever detected<\/a> (2021-02-20).<\/p>\n<p><a href=\"https:\/\/phys.org\/news\/2021-01-bistro-explores-complex-magnetic-field.html\" target=\"_blank\" rel=\"noopener noreferrer\">BISTRO explores complex magnetic field structure of Cat&#8217;s Paw Nebula <\/a>(2021-01-04).<\/p>\n<p><a href=\"https:\/\/www.nytimes.com\/2020\/09\/14\/science\/venus-life-clouds.html\">Life on Venus? Astronomers See a Signal in Its Clouds<\/a> (2020-09-14).<\/p>\n<p><a href=\"https:\/\/www.bbc.com\/news\/science-environment-53218658\">Betelgeuse: Nearby &#8216;supernova&#8217; star&#8217;s dimming explained<\/a> (2020-06-29).<\/p>\n<p><a href=\"https:\/\/www.forbes.com\/sites\/startswithabang\/2020\/04\/08\/beyond-the-black-hole-event-horizon-telescope-solves-a-quasar-mystery-we-didnt-know-existed\/#5ef4b8b87396\">Beyond the Black Hole: Event Horizon Telescope Solves A Quasar Mystery We Didn&#8217;t Know Existed<\/a> (2020-04-08).<\/p>\n<p><a href=\"https:\/\/www.nature.com\/articles\/s41550-020-1023-5\">An extremely powerful long-lived superluminal ejection from the black hole MAXI J1820+070<\/a> (2020-03-02).<\/p>\n<p><a href=\"https:\/\/www.bizjournals.com\/pacific\/news\/2019\/09\/10\/east-asian-observatory-specialist-receives.html\">East Asian Observatory specialist receives national science award<\/a> (2019-09-10).<\/p>\n<p><a href=\"https:\/\/bigislandnow.com\/2019\/09\/06\/maunakea-telescope-wins-oscars-of-science-for-worlds-first-black-hole-image\/\">Maunakea Telescope Wins &#8216;Oscars of Science&#8217; for World&#8217;s First Black Hole Image<\/a> (2019-09-06).<\/p>\n<p><a href=\"https:\/\/www.hawaiitribune-herald.com\/2019\/04\/11\/hawaii-news\/maunakea-telescopes-help-create-the-first-image-of-a-black-hole\/\">Maunakea telescopes help create the first image of a black hole<\/a> (2019-04-11).<\/p>\n<p><a href=\"https:\/\/www.nytimes.com\/interactive\/2019\/04\/10\/science\/event-horizon-black-hole-images.html\">How They Took the First Picture of a Black Hole<\/a> (2019-04-10).<\/p>\n<p><a href=\"https:\/\/earthsky.org\/space\/solar-flare-10-billion-times-more-powerful-than-suns\">A solar flare 10 billion times more powerful than sun\u2019s<\/a> (2019-02-19).<\/p>\n<p><a href=\"https:\/\/www.eurekalert.org\/pub_releases\/2019-01\/wmko-aut010919.php\">The Brightest Quasar of the Early Universe Shines with the Light of 600 Trillion Suns<\/a> (2019-01-11).<\/p>\n<p><a href=\"https:\/\/phys.org\/news\/2018-08-magnetized-inflow-accreting-center-milky.html\">Magnetized inflow accreting to center of Milky Way galaxy<\/a> (2018-08-17).<\/p>\n<p><a href=\"https:\/\/phys.org\/news\/2018-06-magnetic-fields-key-star-formation.html\">Magnetic fields could hold the key to star formation<\/a> (2018-06-08).<\/p>\n<p><a href=\"https:\/\/www.nrc-cnrc.gc.ca\/eng\/stories\/2017\/star_formation.html\" target=\"_blank\" rel=\"noopener noreferrer\">18-month twinkle in a forming star suggests the existence of a very young planet<\/a>\u00a0(2017-11-01).<\/p>\n<p><a href=\"https:\/\/phys.org\/news\/2017-09-extreme-jet-ejections-black-hole.html\">Extreme jet ejections from the black hole X-ray binary V404 Cygni<\/a> (2017-09-11).<\/p>\n<p><a href=\"http:\/\/rsos.royalsocietypublishing.org\/content\/4\/9\/170754\" target=\"_blank\" rel=\"noopener noreferrer\">Celebrating 30 years of science from the James Clerk Maxwell Telescope\u00a0<\/a> (2017-09-06).<\/p>\n<p><a href=\"http:\/\/www.pbs.org\/wgbh\/nova\/next\/physics\/how-dust-built-the-universe\/\">How Dust Built the Universe<\/a> (2017-07-28).<\/p>\n<p><a href=\"http:\/\/www.hawaii.edu\/news\/2017\/07\/26\/hilo-alumni-contribute-to-black-hole-discovery\/\"> UH Hilo alumni contribute to black hole discovery in the Milky Way<\/a> (2017-07-26).<\/p>\n<p class=\"post-title\"><a href=\"http:\/\/hpr2.org\/post\/stargazer-july-24-30-2017-rogue-black-holes-milky-way\">Rogue Black Holes in the Milky Way<\/a> (2017-07-24).<\/p>\n<p><a href=\"https:\/\/phys.org\/news\/2017-07-re-making-planets-star-death.html\">Re-making planets after star-death<\/a> (2017-07-05).<\/p>\n<p><a href=\"https:\/\/news.westernu.ca\/2017\/06\/winner-sheds-light-star-born\/\">Winner sheds light on how a star is born<\/a> (2017-06-22).<\/p>\n<p><a href=\"https:\/\/www.space.com\/37186-sun-long-lost-twin-nemesis.html\">Sun Likely Has a Long-Lost Twin<\/a> (2017-06-14).<\/p>\n<p><a href=\"https:\/\/phys.org\/news\/2017-05-scientists-debris-disk-nearby-planetary.html\">Scientists investigate debris disk in a nearby planetary system<\/a> (2017-05-11).<\/p>\n<p id=\"page-title\" class=\"title\"><a href=\"http:\/\/hawaiitribune-herald.com\/news\/community\/program-provide-more-hawaii-students-telescope-time\">Program to provide more Hawaii students with telescope time <\/a> (2016-11-04).<\/p>\n<p><a href=\"http:\/\/www.newswire.ca\/news-releases\/national-research-council-study-reveals-the-galaxy-is-under-pressure-to-make-stars-581381031.html\">National Research Council study reveals the galaxy is under pressure to make stars<\/a> (2016-05-31).<\/p>\n<p><a href=\"http:\/\/www.dailygalaxy.com\/my_weblog\/2016\/05\/mystery-of-the-strange-star-kic-846852-continues-comet-swarm-or-alien-artifact-a-galaxy-update.html\">Debate Over Strange Star KIC 846852 Continues &#8211;&#8220;Comet Swarm or Alien Artifact?&#8221; (A &#8216;Galaxy&#8217; Update)<\/a> (2016-05-16).<\/p>\n<p><a href=\"https:\/\/blogs.scientificamerican.com\/dark-star-diaries\/confirmed-black-holes-are-magnetism-powered-eating-machines\/\">Confirmed: Black Holes are Magnetism-Powered Eating Machines<\/a> (2015-12-03).<\/p>\n<p><a href=\"http:\/\/www.nytimes.com\/2015\/06\/09\/science\/black-hole-event-horizon-telescope.html\">Black Hole Hunters<\/a> (2015-06-08).<\/p>\n<p><a href=\"http:\/\/phys.org\/news\/2015-06-planet-formation-evidence-large-grains.html\">A head start for planet formation? Evidence of large dust grains in star-forming regions<\/a> (2015-06-01).<\/p>\n<p><a href=\"http:\/\/www.taipeitimes.com\/News\/taiwan\/archives\/2015\/05\/06\/2003617623\">World\u2019s leading astronomers meet in Taipei<\/a> (2015-05-06).<\/p>\n<p><a href=\"http:\/\/astronomynow.com\/2015\/04\/21\/planet-sized-telescope-gives-a-sharp-view-into-black-holes\/\">Planet-sized telescope gives a sharp view into black holes<\/a> (2015-04-01).<\/p>\n<p><a href=\"http:\/\/www.skyandtelescope.com\/astronomy-news\/before-they-were-binary-stars-021215\/\">Before They Were (Binary) Stars<\/a> (2015-02-12).<\/p>\n<p><a href=\"http:\/\/www.innovations-report.com\/html\/reports\/physics-astronomy\/fortifying-the-brick-and-charming-the-snake-cosmic-magnetic-fields-in-dark-clouds.html\">Fortifying the Brick and Charming the Snake &#8211; Cosmic Magnetic Fields in Dark Clouds<\/a> (2015-01-16).<\/p>\n<p><a href=\"http:\/\/www.astronomy.com\/news\/2014\/06\/telescope-digs-for-ice-on-pluto\">Telescope digs for ice on Pluto<\/a> (2014-06-25).<\/p>\n<p><a href=\"http:\/\/arstechnica.com\/science\/2012\/09\/first-images-of-particle-jets-at-edge-of-a-supermassive-black-hole\/\">First images of particle jets at edge of a supermassive black hole<\/a> (2012-09-27).<\/p>\n<p><a href=\"http:\/\/arstechnica.com\/science\/2012\/07\/newborn-brown-dwarf-formed-the-same-way-as-stars\/\">Newborn brown dwarf formed the same way as stars<\/a> (2012-05-07).<\/p>\n<p><a href=\"http:\/\/www.skymania.com\/wp\/2012\/04\/dust.html\/5865\/\">Telescope\u2019s birthday gift is dust the job<\/a> (2012-04-30).<\/p>\n<p><a href=\"http:\/\/phys.org\/news\/2012-04-jcmt-celebrates-years-world.html\">The JCMT celebrates 25 years on top of the world<\/a> (2012-04-28).<\/p>\n<p><a href=\"http:\/\/www.universetoday.com\/91715\/new-submillimetre-camera-sheds-light-on-the-dark-regions-of-the-universe\/\">New Submillimetre Camera Sheds Light on the Dark Regions of the Universe<\/a> (2011-12-11).<\/p>\n<p><a href=\"http:\/\/www.astronomy.com\/news\/2011\/04\/pluto-has-carbon-monoxide-in-its-atmosphere\">Pluto Has Carbon Monoxide in its Atmosphere <\/a> (2011-04-19).<\/p>\n<p><a href=\"http:\/\/www.universetoday.com\/86495\/astronomy-without-a-telescope-star-seeds\/\">Astronomy Without A Telescope \u2013 Star Seeds<\/a> (2011-06-18).<\/p>\n<p><a href=\"http:\/\/astronomynow.com\/081105JCMTseesthedarkheartsofbrightgalaxies.html\">JCMT sees the dark hearts of bright galaxies<\/a> (2008-11-05).<\/p>\n<p><a href=\"http:\/\/www.space.com\/5797-closest-milky-black-hole.html\">Closest Look Yet at Milky Way&#8217;s Black Hole<\/a> (2008-09-03).<\/p>\n<p><a href=\"http:\/\/www.spaceref.com\/news\/viewpr.html?pid=13756\">Hydrogen Peroxide Detected in Mars&#8217; Atmosphere<\/a> (2004-03-01).<\/p>\n<hr \/>\n<p><a href=\"http:\/\/www.granma.cu\/ciencia\/2019-02-12\/divisan-estallido-en-una-estrella-10-000-millones-de-veces-mas-potente-que-la-mayor-tormenta-solar-12-02-2019-13-02-47\">Divisan estallido en una estrella 10 000 millones de veces m\u00e1s potente que la mayor tormenta solar<\/a> (2019-02-12).<\/p>\n<p><a href=\"http:\/\/www.europapress.es\/ciencia\/astronomia\/noticia-sospecha-planeta-aun-invisible-maneja-disco-virginis-61-20170511165120.html\">Se sospecha que un planeta a\u00fan invisible maneja el disco de Virginis 61<\/a> (2017-05-11).<\/p>\n<p><a href=\"http:\/\/www.almomento.mx\/cazadores-de-agujeros-negros-fotos\/\">Cazadores de agujeros negros<\/a> (2015-06-12).<\/p>\n<p><a href=\"http:\/\/www.abc.es\/ciencia\/20150211\/abci-observan-primera-formacion-sistema-201502111851.html\">Observan por primera vez la formaci\u00f3n de un sistema con cuatro soles <\/a> (2015-02-11).<\/p>\n<p><a href=\"http:\/\/netnoticias.mx\/2015-06-22-db346595\/analizan-material-de-universo-a-menos-de-25-por-ciento-de-edad\/\">Analizan material de universo a menos de 25 por ciento de edad<\/a> (2015-06-22).<\/p>\n<p><a href=\"http:\/\/www.larazon.es\/sociedad\/ciencia\/nueva-teoria-sobre-la-formacion-de-los-planetas-KN9825419#.Ttt1kl33TCTeSL9\">Nueva teor\u00eda sobre la formaci\u00f3n de los planetas<\/a> (2015-05-26).<\/p>\n<p><a href=\"http:\/\/www.elmundo.es\/ciencia\/2014\/06\/24\/53a826b3ca4741d6308b458e.html\">Un anillo gigante de materia interestelar<\/a> (2014-06-24).<\/p>\n<hr \/>\n<p><a href=\"https:\/\/news.mynavi.jp\/article\/20180316-601597\/\">\u30d6\u30e9\u30c3\u30af\u30db\u30fc\u30eb\u89e3\u660e\u306e\u7b2c\u4e00\u6b69\uff01\uff1f\u305d\u306e\u540d\u3082\u300c\u91ce\u826f\u30d6\u30e9\u30c3\u30af\u30db\u30fc\u30eb\u300d(\u5fd7\u91ce \u6e1a) <\/a> (2018-03-16).<\/p>\n<p><a href=\"https:\/\/news.mynavi.jp\/article\/20180208-582349\/\">JCMT\u3092\u77e5\u3063\u3066\u308b\u304b\u3044\uff1f(\u5fd7\u91ce \u6e1a)<\/a> (2018-02-08).<\/p>\n<p><a href=\"http:\/\/news.mynavi.jp\/news\/2017\/07\/19\/187\/\">\u5929\u306e\u5ddd\u9280\u6cb3\u4e2d\u5fc3\u306b\u7570\u5e38\u306a\u901f\u5ea6\u306e\u5206\u5b50\u96f2\u3001\u30d6\u30e9\u30c3\u30af\u30db\u30fc\u30eb\u304c\u99c6\u52d5\u6e90\u304b &#8211; \u6176\u5927<\/a> (2017-07-19).<\/p>\n<p><a href=\"http:\/\/www.zaikei.co.jp\/article\/20151209\/282258.html\">\u5929\u306e\u5ddd\u9280\u6cb3\u306e\u4e2d\u5fc3\u306b\u3042\u308b\u8d85\u5de8\u5927\u30d6\u30e9\u30c3\u30af\u30db\u30fc\u30eb\u306e\u78c1\u5834\u3092\u6349\u3048\u308b\u3053\u3068\u306b\u6210\u529f\u2015\u56fd\u7acb\u5929\u6587\u53f0\u30fb\u79cb\u5c71\u548c\u5fb3\u6c0f\u3089<\/a> (2015-12-09).<\/p>\n<hr \/>\n<p><a href=\"https:\/\/postbreve.com\/registrata-esplosione-stellare-10-miliardi-di-volte-piu-forte-della-piu-grande-tempesta-solare-17552.html\">Registrata esplosione stellare 10 miliardi di volte pi\u00f9 forte della pi\u00f9 grande tempesta solare<\/a> (2019-02-13).<\/p>\n<p><a href=\"http:\/\/www.meteoweb.eu\/2019\/01\/oggetto-cosmico-cosmo-primordiale-luce\/1205414\/\">Ecco l\u2019oggetto cosmico pi\u00f9 luminoso mai scoperto nel cosmo primordiale: la luce che giunge fino a noi risale a 13 miliardi di anni fa<\/a> (2019-01-11).<\/p>\n<p><a href=\"http:\/\/www.asi.it\/it\/news\/supernova-culla-di-pianeti\">Supernova culla di pianeti<\/a> (2017-07-06).<\/p>\n<p><a href=\"http:\/\/www.panorama.it\/scienza\/spazio\/il-sole-aveva-un-gemello\/\">Il Sole aveva un gemello?<\/a> (2017-06-16).<\/p>\n<p><a href=\"http:\/\/www.asi.it\/it\/news\/nursery-stellari-polveri-in-fermento\">Nursery stellari, polveri in fermento<\/a> (2016-10-26).<\/p>\n<p><a href=\"http:\/\/www.media.inaf.it\/2015\/05\/25\/dischi-stellari-a-grana-grossa\/\">Dischi stellari a grana grossa<\/a> (2015-05-25).<\/p>\n<p><a href=\"http:\/\/www.galileonet.it\/2012\/09\/come-nasce-una-galassia-lo-spiega-il-buco-nero\/\"> Come nasce una galassia? Lo spiega il buco nero<\/a> (2012-09-28).<\/p>\n<hr \/>\n<p><a href=\"http:\/\/www.chinanews.com\/gj\/2015\/02-25\/7077190.shtml\">\u5929\u6587\u5b66\u5bb6\u9996\u6b21\u6355\u83b7\u5904\u4e8e\u521d\u7ea7\u9636\u6bb5\u591a\u661f\u7cfb\u7edf <\/a> (2015-02-25).<\/p>\n<p><a href=\"https:\/\/video.udn.com\/news\/312473\">\u5317\u534a\u7403\u770b\u6700\u5ee3\u5929\u6587\u671b\u9060\u93e1 \u73fe\u662f\u6771\u4e9e\u7684\u5566<\/a> (2015-05-05).<\/p>\n<hr \/>\n<p>Magnetisierter Zufluss akkretiert zum Zentrum der Milchstra\u00dfe (2018-08-19).<\/p>\n<p><a href=\"http:\/\/www.pro-physik.de\/details\/news\/10581333\/Planetenentstehung_per_Bugwelle.html\">Planetenentstehung per Bugwelle<\/a> (2017-07-06).<\/p>\n<p><a href=\"http:\/\/www.grenzwissenschaft-aktuell.de\/kic-846852-neue-diskussonen20160523\/\">K\u00fcnstliche oder astronomische Objekte um fernen Stern? Neue Diskussionen um KIC 846852<\/a> (2016-05-23).<\/p>\n<p><a href=\"http:\/\/www.astronews.com\/news\/artikel\/2015\/12\/1512-007.shtml\">Das Magnetfeld am Ereignishorizont<\/a> (2015-12-04).<\/p>\n<p><a href=\"http:\/\/www.mpg.de\/8854635\/magnetfelder-sternentstehung\">Magnetfelder helfen bei der Geburt massereicher Sterne<\/a> (2015-01-16).<\/p>\n<hr \/>\n<p><a href=\"http:\/\/www.csillagaszat.hu\/hirek\/asztroblog\/kitoro-csillagok-nyomaban-uti-beszamolo-egzotikus-csillagvizsgalokbol\/\">Kit\u00f6r\u0151 csillagok nyom\u00e1ban \u2013 \u00fati besz\u00e1mol\u00f3 egzotikus csillagvizsg\u00e1l\u00f3kb\u00f3l<\/a> (2017-05-01).<\/p>\n<p><a href=\"http:\/\/www.delmagyar.hu\/vilagvevo\/elore_legyartott_elemekbol_kepzodhetnek_a_bolygok\/2432055\/\">El\u0151re \u02ddlegy\u00e1rtott\u02dd elemekb\u0151l k\u00e9pz\u0151dhetnek a bolyg\u00f3k<\/a> (2015-06-01).<\/p>\n<hr \/>\n<p><a href=\"https:\/\/news.rambler.ru\/tech\/41709415-vspyshku-ubiytsu-zafiksirovali-na-sosedney-zvezde\/?updated\">\u0410\u0441\u0442\u0440\u043e\u043d\u043e\u043c\u044b \u0437\u0430\u0444\u0438\u043a\u0441\u0438\u0440\u043e\u0432\u0430\u043b\u0438 \u00ab\u0432\u0441\u043f\u044b\u0448\u043a\u0443-\u0443\u0431\u0438\u0439\u0446\u0443\u00bb \u043d\u0430 \u0441\u043e\u0441\u0435\u0434\u043d\u0435\u0439 \u0437\u0432\u0435\u0437\u0434\u0435<\/a> (2019-02-12).<\/p>\n<p><a href=\"https:\/\/news.rambler.ru\/scitech\/40603365-uchenye-izuchili-rol-magnitnyh-poley-v-nasyschenii-chernoy-dyry-nashey-galaktiki\/\">\u0423\u0447\u0435\u043d\u044b\u0435 \u0438\u0437\u0443\u0447\u0438\u043b\u0438 \u0440\u043e\u043b\u044c \u043c\u0430\u0433\u043d\u0438\u0442\u043d\u044b\u0445 \u043f\u043e\u043b\u0435\u0439 \u0432 \u00ab\u043d\u0430\u0441\u044b\u0449\u0435\u043d\u0438\u0438\u00bb \u0447\u0435\u0440\u043d\u043e\u0439 \u0434\u044b\u0440\u044b \u043d\u0430\u0448\u0435\u0439 \u0413\u0430\u043b\u0430\u043a\u0442\u0438\u043a\u0438<\/a> (2018-08-20).<\/p>\n<p><a href=\"https:\/\/nplus1.ru\/news\/2018\/06\/09\/pillars-of-creation\">\u041c\u0430\u0433\u043d\u0438\u0442\u043d\u044b\u0435 \u043f\u043e\u043b\u044f \u0437\u0430\u043c\u0435\u0434\u043b\u0438\u043b\u0438 \u044d\u0432\u043e\u043b\u044e\u0446\u0438\u044e \u0421\u0442\u043e\u043b\u043f\u043e\u0432 \u0422\u0432\u043e\u0440\u0435\u043d\u0438\u044f<\/a> (2018-06-09).<\/p>\n<p><a href=\"http:\/\/www.astronews.ru\/cgi-bin\/mng.cgi?page=news&amp;news=10378\">\u041c\u0435\u0440\u0446\u0430\u043d\u0438\u0435 \u0444\u043e\u0440\u043c\u0438\u0440\u0443\u044e\u0449\u0435\u0439\u0441\u044f \u0437\u0432\u0435\u0437\u0434\u044b \u0443\u043a\u0430\u0437\u044b\u0432\u0430\u0435\u0442 \u043d\u0430 \u043f\u0440\u0438\u0441\u0443\u0442\u0441\u0442\u0432\u0438\u0435 \u043f\u043b\u0430\u043d\u0435\u0442\u044b<\/a> (2017-11-08).<\/p>\n<p><a href=\"http:\/\/www.astronews.ru\/cgi-bin\/mng.cgi?page=news&amp;news=10241\">\u042d\u043a\u0441\u0442\u0440\u0435\u043c\u0430\u043b\u044c\u043d\u044b\u0435 \u0434\u0436\u0435\u0442\u044b, \u0438\u0441\u043f\u0443\u0441\u043a\u0430\u0435\u043c\u044b\u0435 \u0440\u0435\u043d\u0442\u0433\u0435\u043d\u043e\u0432\u0441\u043a\u043e\u0439 \u0434\u0432\u043e\u0439\u043d\u043e\u0439 V404 \u041b\u0435\u0431\u0435\u0434\u044f<\/a> (2017-09-12).<\/p>\n<p><a href=\"http:\/\/www.astronews.ru\/cgi-bin\/mng.cgi?page=news&amp;news=9983\">\u041f\u043e\u0432\u0442\u043e\u0440\u043d\u043e\u0435 \u043f\u043e\u044f\u0432\u043b\u0435\u043d\u0438\u0435 \u043f\u043b\u0430\u043d\u0435\u0442 \u043f\u043e\u0441\u043b\u0435 \u00ab\u0441\u043c\u0435\u0440\u0442\u0438\u00bb \u0437\u0432\u0435\u0437\u0434\u044b<\/a> (2017-07-07).<\/p>\n<p><a href=\"http:\/\/www.astronews.ru\/cgi-bin\/mng.cgi?page=news&amp;news=8522\">\u0410\u0441\u0442\u0440\u043d\u043e\u043c\u044b \u0443\u0437\u043d\u044e\u0442 \u043d\u043e\u0432\u043e\u0435 \u043e \u0442\u0430\u0438\u043d\u0441\u0442\u0432\u0435\u043d\u043d\u043e\u0439 \u0437\u0432\u0435\u0437\u0434\u0435 \u0422\u0430\u0431\u0431\u0438<\/a> (2016-05-16).<\/p>\n<p><a href=\"http:\/\/ria.ru\/science\/20150525\/1066390293.html\">\u0410\u0441\u0442\u0440\u043e\u043d\u043e\u043c\u044b: \u0444\u043e\u0440\u043c\u0438\u0440\u043e\u0432\u0430\u043d\u0438\u0435 \u043f\u043b\u0430\u043d\u0435\u0442 \u0437\u0430\u043f\u0443\u0441\u043a\u0430\u0435\u0442\u0441\u044f \u0435\u0449\u0435 \u0434\u043e \u0440\u043e\u0436\u0434\u0435\u043d\u0438\u044f \u0437\u0432\u0435\u0437\u0434<\/a> (2015-05-25).<\/p>\n<p><a href=\"http:\/\/lenta.ru\/news\/2015\/02\/12\/stars\/\">\u0410\u0441\u0442\u0440\u043e\u0444\u0438\u0437\u0438\u043a\u0438 \u0440\u0430\u0437\u0433\u043b\u044f\u0434\u0435\u043b\u0438 \u0440\u0435\u0434\u043a\u0443\u044e \u0441\u0438\u0441\u0442\u0435\u043c\u0443 \u0438\u0437 \u0442\u0440\u0435\u0445 \u0444\u043e\u0440\u043c\u0438\u0440\u0443\u044e\u0449\u0438\u0445\u0441\u044f \u0437\u0432\u0435\u0437\u0434<\/a> (2015-02-12).<\/p>\n<p><a href=\"http:\/\/www.infuture.ru\/article\/6043\">\u0418\u0437\u0443\u0447\u0430\u0435\u043c \u0443\u0434\u0438\u0432\u0438\u0442\u0435\u043b\u044c\u043d\u0443\u044e \u0433\u0430\u043b\u0430\u043a\u0442\u0438\u043a\u0443 \u041c66<\/a> (2012-04-20).<\/p>\n<p><a href=\"http:\/\/www.segodnya.ua\/science\/kometa-letjashchaja-k-zemle-vybracyvaet-kiclotu.html\">\u041a\u043e\u043c\u0435\u0442\u0430, \u043b\u0435\u0442\u044f\u0449\u0430\u044f \u043a \u0417\u0435\u043c\u043b\u0435, \u0432\u044b\u0431\u0440\u0430\u0441\u044b\u0432\u0430\u0435\u0442 \u043a\u0438\u0441\u043b\u043e\u0442\u0443<\/a> (2011-08-07).<\/p>\n<hr \/>\n<p><a href=\"http:\/\/hypescience.com\/astronomos-encontram-sistema-de-multiplas-estrelas-nos-primeiros-estagios-de-formacao\/\">Pela primeira vez, astr\u00f4nomos observam sistema multi-estrelas em est\u00e1gio inicial<\/a> (2015-02-23).<\/p>\n<hr \/>\n<p><a href=\"https:\/\/www.rtvslo.si\/znanost-in-tehnologija\/sonce-in-njegov-izgubljeni-dvojcek\/425048\">Sonce in njegov izgubljeni dvoj\u010dek?<\/a> (2017-06-14).<\/p>\n<hr \/>\n<p><a href=\"https:\/\/www.scientias.nl\/enorme-zonnevlam-gespot-in-de-orionnevel\/\">Enorme zonnevlam gespot in de Orionnevel<\/a> (2019-02-12).<\/p>\n<p><a href=\"https:\/\/newscientist.nl\/nieuws\/magnetische-velden-ontdekt-in-stervormingsgebied-pilaren-der-creatie\/\">Magnetische velden ontdekt in stervormingsgebied Pilaren der Creatie<\/a> (2018-06-14)<\/p>\n<p><a href=\"https:\/\/www.scientias.nl\/mogelijk-planeet-ontdekt-nog-eens-helemaal-af-is\/\">Mogelijk een planeet ontdekt die nog niet eens helemaal af is<\/a> (2017-11-08).<\/p>\n<p><a href=\"https:\/\/www.nrc.nl\/nieuws\/2017\/07\/06\/sterrenkunde-pulsar-planeten-mogelijk-ontstaan-uit-opeengehoopt-gruis-achter-boeggolf-11692148-a1565801\">Pulsar-planeten mogelijk ontstaan achter \u2018boeggolf\u2019<\/a> (2017-07-06).<\/p>\n<p><a href=\"https:\/\/www.schaatskrant.nl\/waarschijnlijk-was-onze-zon-een-van-een-tweelingster\/\">Waarschijnlijk was onze zon \u00e9\u00e9n van een tweelingster<\/a> (2017-06-16).<\/p>\n<p><a href=\"http:\/\/www.scientias.nl\/astronomen-gluren-onder-het-oppervlak-van-pluto\/\">Astronomen gluren onder het oppervlak van Pluto<\/a> (2014-06-25).<\/p>\n<hr \/>\n<p><a href=\"http:\/\/forte.delfi.ee\/news\/teadus\/pruunide-kaabuste-paritolu-muutus-selgemaks?id=64657344\">Pruunide k\u00e4\u00e4buste p\u00e4ritolu muutus selgemaks<\/a> (2012-07-10).<\/p>\n<hr \/>\n<p><a href=\"https:\/\/www.pulskosmosu.pl\/2019\/02\/12\/teleskop-jcmt-odkrywa-rozblysk-10-miliardow-razy-silniejszy-od-tych-na-sloncu\/\">Teleskop JCMT odkrywa rozb\u0142ysk 10 miliard\u00f3w razy silniejszy od tych na S\u0142o\u0144cu<\/a> (2019-02-12).<\/p>\n<p><a href=\"http:\/\/www.pulskosmosu.pl\/2016\/06\/06\/otoczenie-takze-naciska-obloki-molekularne-ktorych-powstaja-gwiazdy\/\">Otoczenie tak\u017ce naciska na ob\u0142oki molekularne, w kt\u00f3rych powstaj\u0105 gwiazdy<\/a> (2016-06-06).<\/p>\n<hr \/>\n<p><a href=\"https:\/\/www.lexpress.fr\/actualite\/sciences\/un-quasar-600-milliards-de-fois-plus-brillant-que-le-soleil_2056671.html\">Un quasar 600 milliards de fois plus brillant que le Soleil<\/a> (2019-01-10).<\/p>\n<p><a href=\"https:\/\/www.techno-science.net\/?onglet=news&amp;news=17456\">Des champs magn\u00e9tiques au c\u0153ur des Piliers de la cr\u00e9ation<\/a> (2018-06-10).<\/p>\n<p><a href=\"https:\/\/sciencepost.fr\/2017\/07\/planetes-se-forment-apres-explosion-stellaire\/\">Comment les plan\u00e8tes se forment apr\u00e8s une explosion stellaire<\/a> (2017-07-07).<\/p>\n<hr \/>\n<p><a href=\"http:\/\/www.hani.co.kr\/arti\/science\/science_general\/850475.html\">\ud5c8\ube14\uc774 \uc54c\ub9b0 \u2018\ucc3d\uc870\uc758 \uae30\ub465\u2019 \uc9c0\ud0f1\ud558\ub294 \uc790\uae30\uc7a5 \uc9c0\ub3c4 \uccab \uad00\uce21 \uc6d0\ubb38\ubcf4\uae30:<\/a> (2018-06-25).<\/p>\n<p><a href=\"http:\/\/www.asiae.co.kr\/news\/view.htm?sec=it7&amp;idxno=2017110208055000396\">[\uc2a4\ud398\uc774\uc2a4]&#8221;\ubcc4\uacfc \ud589\uc131, \uc774\ub807\uac8c \ub9cc\ub4e4\uc5b4\uc9c8\uae4c&#8221;<\/a> (2017-11-02).<\/p>\n<hr \/>\n<p><a href=\"http:\/\/www.osel.cz\/10364-astronomove-detekovali-silenou-erupci-10-miliardkrat-silnejsi-nez-na-slunci_1.html\">Astronomov\u00e9 detekovali \u0161\u00edlenou erupci, 10-miliardkr\u00e1t siln\u011bj\u0161\u00ed ne\u017e na Slunci <\/a> (2019-02-13).<\/p>\n<hr \/>\n<p><a href=\"https:\/\/www.pagenews.gr\/2019\/02\/12\/epistimi-texnologia\/astriki-eklampsi-eklampsi-rekor-enos-astrou\/\">\u0391\u03c3\u03c4\u03c1\u03b9\u03ba\u03ae \u03ad\u03ba\u03bb\u03b1\u03bc\u03c8\u03b7: \u0388\u03ba\u03bb\u03b1\u03bc\u03c8\u03b7-\u03c1\u03b5\u03ba\u03cc\u03c1 \u03b5\u03bd\u03cc\u03c2 \u03ac\u03c3\u03c4\u03c1\u03bf\u03c5<\/a> (2019-02-12).<\/p>\n<hr \/>\n<p><a href=\"https:\/\/www.isna.ir\/news\/97032008807\/%D9%85%DB%8C%D8%A7%D8%AF%DB%8C%D9%86-%D9%85%D8%BA%D9%86%D8%A7%D8%B7%DB%8C%D8%B3%DB%8C-%D8%B1%D8%A7%D8%B2-%DA%86%DA%AF%D9%88%D9%86%DA%AF%DB%8C-%D8%B4%DA%A9%D9%84-%DA%AF%DB%8C%D8%B1%DB%8C-%D8%B3%D8%AA%D8%A7%D8%B1%DA%AF%D8%A7%D9%86\">\u0645\u06cc\u0627\u062f\u06cc\u0646 \u0645\u063a\u0646\u0627\u0637\u06cc\u0633\u06cc\u060c \u0631\u0627\u0632 \u0686\u06af\u0648\u0646\u06af\u06cc \u0634\u06a9\u0644\u200c\u06af\u06cc\u0631\u06cc \u0633\u062a\u0627\u0631\u06af\u0627\u0646<\/a> (1397-08-10)<\/p>\n","protected":false},"excerpt":{"rendered":"<p>Astronomers Discover Hidden Faint Dust-Obscured Galaxies Magnified by Gravitational Lenses (2025-10-13) Surprising New Images of Powehi Black Hole Unveiled (2025-09-26) EAO Board of Directors Announces New Governance for EAO and the JCMT (2025-03-01) Hilo based JCMT astronomer wins prestigious NASA Fellowship (2021-04-06) Hilo astronomer helps size up the first black\u2026 <a class=\"continue-reading-link\" href=\"https:\/\/www.eaobservatory.org\/jcmt\/public\/gallery\/research\/\">Continue reading<\/a><\/p>\n","protected":false},"author":19,"featured_media":0,"parent":2077,"menu_order":1,"comment_status":"closed","ping_status":"closed","template":"","meta":[],"_links":{"self":[{"href":"https:\/\/www.eaobservatory.org\/jcmt\/wp-json\/wp\/v2\/pages\/2318"}],"collection":[{"href":"https:\/\/www.eaobservatory.org\/jcmt\/wp-json\/wp\/v2\/pages"}],"about":[{"href":"https:\/\/www.eaobservatory.org\/jcmt\/wp-json\/wp\/v2\/types\/page"}],"author":[{"embeddable":true,"href":"https:\/\/www.eaobservatory.org\/jcmt\/wp-json\/wp\/v2\/users\/19"}],"replies":[{"embeddable":true,"href":"https:\/\/www.eaobservatory.org\/jcmt\/wp-json\/wp\/v2\/comments?post=2318"}],"version-history":[{"count":95,"href":"https:\/\/www.eaobservatory.org\/jcmt\/wp-json\/wp\/v2\/pages\/2318\/revisions"}],"predecessor-version":[{"id":13382,"href":"https:\/\/www.eaobservatory.org\/jcmt\/wp-json\/wp\/v2\/pages\/2318\/revisions\/13382"}],"up":[{"embeddable":true,"href":"https:\/\/www.eaobservatory.org\/jcmt\/wp-json\/wp\/v2\/pages\/2077"}],"wp:attachment":[{"href":"https:\/\/www.eaobservatory.org\/jcmt\/wp-json\/wp\/v2\/media?parent=2318"}],"curies":[{"name":"wp","href":"https:\/\/api.w.org\/{rel}","templated":true}]}}